{"id":131,"date":"2024-08-05T15:31:47","date_gmt":"2024-08-05T15:31:47","guid":{"rendered":"https:\/\/burkhard-puetz.de\/?page_id=131"},"modified":"2026-02-04T20:11:25","modified_gmt":"2026-02-04T20:11:25","slug":"archiv-chorprojekt-2013","status":"publish","type":"page","link":"https:\/\/burkhard-puetz.de\/?page_id=131","title":{"rendered":"Chorprojekt 2013"},"content":{"rendered":"\n<h4 class=\"wp-block-heading has-text-align-center\" style=\"margin-top:0;margin-bottom:0;padding-top:0;padding-right:0;padding-bottom:var(--wp--preset--spacing--40);padding-left:0\">Konzert<br>Sonntag, 17. November 2013 \u00b7 18:00 Uhr<br>Pfarrkirche Heiligkreuz Trier<\/h4>\n\n\n\n<figure class=\"wp-block-image\"><img loading=\"lazy\" decoding=\"async\" width=\"1024\" height=\"683\" src=\"https:\/\/burkhard-puetz.de\/wp-content\/uploads\/2024\/08\/Konzert-17.11.13-Heiligkreuz-Trier-1-klein.jpg\" alt=\"\" class=\"wp-image-703\" srcset=\"https:\/\/burkhard-puetz.de\/wp-content\/uploads\/2024\/08\/Konzert-17.11.13-Heiligkreuz-Trier-1-klein.jpg 1024w, https:\/\/burkhard-puetz.de\/wp-content\/uploads\/2024\/08\/Konzert-17.11.13-Heiligkreuz-Trier-1-klein-300x200.jpg 300w, https:\/\/burkhard-puetz.de\/wp-content\/uploads\/2024\/08\/Konzert-17.11.13-Heiligkreuz-Trier-1-klein-768x512.jpg 768w\" sizes=\"auto, (max-width: 1024px) 100vw, 1024px\" \/><figcaption class=\"wp-element-caption\">Konzert am 17.11.13 in der Pfarrkirche Heiligkreuz Trier | Josef Gabriel Rheinberger: Orgelkonzert g-moll op. 177 | Wolfgang Amadeus Mozart: Te Deum KV 141 | Felix Mendelssohn Bartholdy: Lobgesang, Sinfonie-Kantate op. 52 | Ausf\u00fchrende: Antonia Bourv\u00e9, Sopran | Antonia Lutz, Mezzosopran | Michael Siemon, Tenor | Domorganist Josef Still, Orgel | Chorgemeinschaft und Projektchor Heiligkreuz Trier | Vokalensemble Jubilate Musica Luxemburg | Sch\u00f6neck-Ensemble Koblenz | Leitung: Dekanatskantor Burkhard P\u00fctz<\/figcaption><\/figure>\n\n\n\n<p class=\"has-text-align-center\"><em>Auf obigem Foto:<\/em><br>Wolfgang Amadeus Mozart: Te Deum KV 141<\/p>\n\n\n\n<p class=\"has-text-align-left\"><em>Programm<\/em><br>\u00b7 Josef Gabriel Rheinberger: Orgelkonzert g-moll op. 177<br>\u00b7 Wolfgang Amadeus Mozart: Te Deum KV 141<br>\u00b7 Felix Mendelssohn Bartholdy: Lobgesang \u00b7 Sinfonie-Kantate op. 52<br><em>Ausf\u00fchrende<\/em><br><a href=\"https:\/\/www.antonia-bourve.de\/\" data-type=\"link\" data-id=\"https:\/\/www.antonia-bourve.de\/\" target=\"_blank\" rel=\"noreferrer noopener\">Antonia Bourv\u00e9<\/a> \u00b7 Sopran<br><a href=\"https:\/\/aeolus-music.com\/de\/pages\/page-antonia-lutz\" data-type=\"link\" data-id=\"https:\/\/aeolus-music.com\/de\/pages\/page-antonia-lutz\" target=\"_blank\" rel=\"noreferrer noopener\">Antonia Lutz<\/a> \u00b7 Mezzosopran<br>Michael Siemon \u00b7 Tenor<br>Domorganist Josef Still \u00b7 Orgel<br>Chorgemeinschaft und Projektchor Heiligkreuz Trier<br>Vokalensemble Jubilate Musica Luxemburg<br>Sch\u00f6neck-Ensemble Koblenz<br>Leitung: Dekanatskantor Burkhard P\u00fctz<\/p>\n\n\n\n<p><a href=\"https:\/\/burkhard-puetz.de\/wp-content\/uploads\/2024\/08\/Programmheft-Konzert-17.11.13.pdf\" data-type=\"attachment\" data-id=\"2412\" target=\"_blank\" rel=\"noreferrer noopener\">Programmheft<\/a><\/p>\n\n\n\n<p><a href=\"https:\/\/burkhard-puetz.de\/?page_id=408\" data-type=\"page\" data-id=\"408\" target=\"_blank\" rel=\"noreferrer noopener\">Fotos<\/a><\/p>\n\n\n\n<p><a href=\"https:\/\/burkhard-puetz.de\/?page_id=1941\" data-type=\"page\" data-id=\"1941\" target=\"_blank\" rel=\"noreferrer noopener\">H\u00f6rbeispiele<\/a><\/p>\n\n\n\n<p class=\"has-text-align-left\"><em>Nachbericht im LUXEMBURGER WORT:<\/em><br><strong>Hundert Jahre und kein bisschen leise<\/strong><br>Anl\u00e4sslich des 100-j\u00e4hrigen Bestehens des Kirchenchores wurde am Sonntag, dem 17. November 2013, in der Trierer Pfarrkirche Heiligkreuz gefeiert. Der Chor hatte dazu ein Konzert organisiert. Die Chorgemeinschaft Heiligkreuz in Trier wurde im Jahre 1913 gegr\u00fcndet. Es klang jedoch gar nicht hundertj\u00e4hrig, was in den Proben zum Jubil\u00e4umskonzert des Kirchenchores Heiligkreuz zu h\u00f6ren war. Kraftvoll und voller Elan klangen die Stimmen der S\u00e4ngerinnen und S\u00e4nger. Ebenso dynamisch und energisch f\u00fchrte Chorleiter Burkhard P\u00fctz durch die Proben. F\u00fcnfmal, zehnmal unterbricht er an derselben Stelle, bis so gesungen wird, wie es seiner Interpretation entspricht. &#8220;Singen im Chor ist mehr als Noten richtig aneinanderzureihen&#8221;, erkl\u00e4rt er geduldig dem Chor. &#8220;Sie sind diejenigen, die dieses Werk mit ihren Stimmen zum Leben erwecken. Dann erst werden Sie die Zuh\u00f6rer erreichen.&#8221;<br>F\u00fcr sein Jubil\u00e4umskonzert hatte der Chor weitere musikbegeisterte S\u00e4ngerinnen und S\u00e4nger zum Mitsingen eingeladen. Statt der sonst f\u00fcnfzig Chormitglieder kamen w\u00f6chentlich f\u00fcr ein halbes Jahr fast doppelt so viele Menschen zusammen, um die St\u00fccke einzustudieren. Passend zum Chorjubil\u00e4um wurde das gesungene und mit Instrumenten musizierte Lob Gottes Thema des Konzertes: Neben dem Te Deum KV 141 von Wolfgang Amadeus Mozart wurde auch Josef Rheinbergers Orgelkonzert Nr. 2 g-Moll aufgef\u00fchrt. Im Mittelpunkt stand die Sinfoniekantate &#8220;Lobgesang&#8221; op. 52 von Felix Mendelssohn Bartholdy f\u00fcr Soli, Chor und Orchester. Darin wurden die romantische Sinfonie und die geistliche Kantate in beeindruckender Weise miteinander vereint.<br>Ausf\u00fchrende waren Antonia Bourv\u00e9 (Sopran), Antonia Lutz (Mezzosopran), Michael Siemon (Tenor), Domorganist Josef Still (Orgel), Chorgemeinschaft und Projektchor Heiligkreuz, das Vokalensemble &#8220;Jubilate Musica Luxemburg&#8221; und das Sch\u00f6neck-Ensemble Koblenz in sinfonischer Besetzung. Leitung: Dekanatskantor Burkhard P\u00fctz.<br>Dieses Festkonzert zum 100-j\u00e4hrigen Bestehen des Heiligkreuzer Chores war ein gro\u00dfer Erfolg und hat bei den rd. 500 Besuchern ebenso wie bei den Mitwirkenden einen starken, begeisterten Eindruck hinterlassen. Dazu haben vor allem die S\u00e4ngerinnen und S\u00e4nger des Chores beigetragen!<br>Von den beteiligten Mitwirkenden, Solisten, Orchester, Chor wurde \u2013 und das zu Recht \u2013 vor allem immer wieder die Leistung des Chores lobend hervorgehoben.<\/p>\n\n\n\n<p class=\"has-text-align-right\"><em>Publi\u00e9 le dimanche 26 janvier 2014 \u00e0 23:11<\/em><\/p>\n\n\n\n<figure class=\"wp-block-image\"><img loading=\"lazy\" decoding=\"async\" width=\"1024\" height=\"683\" src=\"https:\/\/burkhard-puetz.de\/wp-content\/uploads\/2024\/07\/Konzert-17.11.13-Heiligkreuz-Trier-2-klein.jpg\" alt=\"\" class=\"wp-image-299\" srcset=\"https:\/\/burkhard-puetz.de\/wp-content\/uploads\/2024\/07\/Konzert-17.11.13-Heiligkreuz-Trier-2-klein.jpg 1024w, https:\/\/burkhard-puetz.de\/wp-content\/uploads\/2024\/07\/Konzert-17.11.13-Heiligkreuz-Trier-2-klein-300x200.jpg 300w, https:\/\/burkhard-puetz.de\/wp-content\/uploads\/2024\/07\/Konzert-17.11.13-Heiligkreuz-Trier-2-klein-768x512.jpg 768w\" sizes=\"auto, (max-width: 1024px) 100vw, 1024px\" \/><figcaption class=\"wp-element-caption\">Konzert am 17.11.13 in der Pfarrkirche Heiligkreuz Trier | Josef Gabriel Rheinberger: Orgelkonzert g-moll op. 177 | Wolfgang Amadeus Mozart: Te Deum KV 141 | Felix Mendelssohn Bartholdy: Lobgesang, Sinfonie-Kantate op. 52 | Ausf\u00fchrende: Antonia Bourv\u00e9, Sopran | Antonia Lutz, Mezzosopran | Michael Siemon, Tenor | Domorganist Josef Still, Orgel | Chorgemeinschaft und Projektchor Heiligkreuz Trier | Vokalensemble Jubilate Musica Luxemburg | Sch\u00f6neck-Ensemble Koblenz | Leitung: Dekanatskantor Burkhard P\u00fctz<\/figcaption><\/figure>\n\n\n\n<p class=\"has-text-align-center\"><em>Auf obigem Foto:<\/em><br>Felix Mendelssohn Bartholdy: Lobgesang op. 52<\/p>\n\n\n\n<p>Tickets: Kartenvorverkauf Ticket Regional<\/p>\n\n\n\n<p>Proben<br>\u00b7 Projektchor Heiligkreuz Trier:<br>Do 18.04. 19:30 Pfarrkirche St. Maternus Trier (Karlsweg 19)<br>Do 25.04. 19:30 Pfarrkirche St. Maternus Trier<br>Do 02.05. 19:30 Pfarrkirche St. Maternus Trier<br>Do 16.05. 19:30 Pfarrkirche St. Maternus Trier<br>Di  21.05. 19:30 Pfarrkirche Heiligkreuz Trier (Arnulfstra\u00dfe 3)<br>Do 06.06. 19:30 Pfarrkirche St. Maternus Trier<br>Do 13.06. 19:30 Pfarrkirche St. Maternus Trier<br>Do 20.06. 19:30 Pfarrkirche St. Maternus Trier<br>Do 27.06. 19:30 Pfarrkirche St. Maternus Trier<br>Do 04.07. 19:30 Pfarrkirche St. Maternus Trier<br>Do 22.08. 19:30 Pfarrkirche St. Maternus Trier<br>Do 29.08. 19:30 Pfarrkirche St. Maternus Trier<br>Do 05.09. 19:30 Pfarrkirche St. Maternus Trier<br>Do 19.09. 19:30 Pfarrkirche St. Maternus Trier<br>Do 26.09. 19:30 Pfarrkirche St. Maternus Trier<br>Do 17.10. 19:30 Pfarrkirche St. Maternus Trier<br>Do 24.10. 19:30 Pfarrkirche St. Maternus Trier<br>Di  29.10. 19:30 Pfarrkirche St. Maternus Trier<br>Do 07.11. 19:30 Pfarrkirche St. Maternus Trier<\/p>\n\n\n\n<p>oder<br>\u00b7 gemeinsam mit dem Ensemble Vocal Jubilate Musica Luxembourg:<br>Mo 18.03. 20:00 Niederanven Centre de Loisirs (Routscheed \/ Am Sand)<br>Mo 08.04. 20:00 Niederanven Centre de Loisirs<br>Mo 15.04. 20:00 Niederanven Centre de Loisirs<br>Mo 22.04. 20:00 Niederanven Centre de Loisirs<br>Mo 29.04. 20:00 Niederanven Centre de Loisirs<br>Mo 06.05. 20:00 Niederanven Centre de Loisirs<br>Mo 13.05. 20:00 Niederanven Centre de Loisirs<br>Mo 01.07. 20:00 Niederanven Centre de Loisirs<br>Mo 08.07. 20:00 Niederanven Centre de Loisirs<br>Mo 09.09. 20:00 Niederanven Centre de Loisirs<br>Mo 16.09. 20:00 Niederanven Centre de Loisirs<br>Mo 23.09. 20:00 Niederanven Centre de Loisirs<br>Mo 30.09. 20:00 Niederanven Centre de Loisirs<br>Mo 07.10. 20:00 Niederanven Centre de Loisirs<br>Mo 14.10. 20:00 Niederanven Centre de Loisirs<br>Mo 21.10. 20:00 Niederanven Centre de Loisirs<br>Mo 04.11. 20:00 Niederanven Centre de Loisirs<\/p>\n\n\n\n<p>\u00b7 Tutti:<br>Sa 09.11.  14:00 1. Hauptprobe Kirche St. Maternus Trier (Karlsweg 19)<br>Do 14.11. 19:30 2. Hauptprobe Pfarrkirche St. Maternus Trier<br>Sa 16.11.  14:00 Generalprobe Kirche Heiligkreuz Trier (Arnulfstra\u00dfe 3)<br>So 17.11.  15:00 Probe Pfarrkirche Heiligkreuz Trier<\/p>\n\n\n\n<p class=\"has-text-align-center\" style=\"font-size:13px\">Stand: 02.02.13 \u00b7 \u00c4nderungen vorbehalten<\/p>\n\n\n\n<figure class=\"wp-block-image\"><img loading=\"lazy\" decoding=\"async\" width=\"1024\" height=\"683\" src=\"https:\/\/burkhard-puetz.de\/wp-content\/uploads\/2024\/08\/Konzert-17.11.13-Heiligkreuz-Trier-3-klein.jpg\" alt=\"\" class=\"wp-image-704\" srcset=\"https:\/\/burkhard-puetz.de\/wp-content\/uploads\/2024\/08\/Konzert-17.11.13-Heiligkreuz-Trier-3-klein.jpg 1024w, https:\/\/burkhard-puetz.de\/wp-content\/uploads\/2024\/08\/Konzert-17.11.13-Heiligkreuz-Trier-3-klein-300x200.jpg 300w, https:\/\/burkhard-puetz.de\/wp-content\/uploads\/2024\/08\/Konzert-17.11.13-Heiligkreuz-Trier-3-klein-768x512.jpg 768w\" sizes=\"auto, (max-width: 1024px) 100vw, 1024px\" \/><figcaption class=\"wp-element-caption\">Konzert am 17.11.13 in der Pfarrkirche Heiligkreuz Trier | Josef Gabriel Rheinberger: Orgelkonzert g-moll op. 177 | Wolfgang Amadeus Mozart: Te Deum KV 141 | Felix Mendelssohn Bartholdy: Lobgesang, Sinfonie-Kantate op. 52 | Ausf\u00fchrende: Antonia Bourv\u00e9, Sopran | Antonia Lutz, Mezzosopran | Michael Siemon, Tenor | Domorganist Josef Still, Orgel | Chorgemeinschaft und Projektchor Heiligkreuz Trier | Vokalensemble Jubilate Musica Luxemburg | Sch\u00f6neck-Ensemble Koblenz | Leitung: Dekanatskantor Burkhard P\u00fctz<\/figcaption><\/figure>\n\n\n\n<p class=\"has-text-align-center\"><em>Auf obigem Foto:<\/em><br>Josef Gabriel Rheinberger: Orgelkonzert g-moll op. 177<\/p>\n\n\n\n<p>Infos, Kontakt &amp; Anmeldung<br>Dekanatskantor Burkhard P\u00fctz<br>Tel. +49 (0)651 37625 \u00b7 E-Mail dekanatskantor@burkhard-puetz.de<\/p>\n","protected":false},"excerpt":{"rendered":"<p>KonzertSonntag, 17. November 2013 \u00b7 18:00 UhrPfarrkirche Heiligkreuz Trier Auf obigem Foto:Wolfgang Amadeus Mozart: Te Deum KV 141 Programm\u00b7 Josef Gabriel Rheinberger: Orgelkonzert g-moll op. 177\u00b7 Wolfgang Amadeus Mozart: Te&#8230;<\/p>\n","protected":false},"author":1,"featured_media":0,"parent":962,"menu_order":1,"comment_status":"closed","ping_status":"closed","template":"","meta":{"_kadence_starter_templates_imported_post":false,"_kad_post_transparent":"","_kad_post_title":"","_kad_post_layout":"narrow","_kad_post_sidebar_id":"","_kad_post_content_style":"","_kad_post_vertical_padding":"","_kad_post_feature":"","_kad_post_feature_position":"","_kad_post_header":false,"_kad_post_footer":false,"_kad_post_classname":"","footnotes":""},"class_list":["post-131","page","type-page","status-publish","hentry"],"_links":{"self":[{"href":"https:\/\/burkhard-puetz.de\/index.php?rest_route=\/wp\/v2\/pages\/131","targetHints":{"allow":["GET"]}}],"collection":[{"href":"https:\/\/burkhard-puetz.de\/index.php?rest_route=\/wp\/v2\/pages"}],"about":[{"href":"https:\/\/burkhard-puetz.de\/index.php?rest_route=\/wp\/v2\/types\/page"}],"author":[{"embeddable":true,"href":"https:\/\/burkhard-puetz.de\/index.php?rest_route=\/wp\/v2\/users\/1"}],"replies":[{"embeddable":true,"href":"https:\/\/burkhard-puetz.de\/index.php?rest_route=%2Fwp%2Fv2%2Fcomments&post=131"}],"version-history":[{"count":15,"href":"https:\/\/burkhard-puetz.de\/index.php?rest_route=\/wp\/v2\/pages\/131\/revisions"}],"predecessor-version":[{"id":3447,"href":"https:\/\/burkhard-puetz.de\/index.php?rest_route=\/wp\/v2\/pages\/131\/revisions\/3447"}],"up":[{"embeddable":true,"href":"https:\/\/burkhard-puetz.de\/index.php?rest_route=\/wp\/v2\/pages\/962"}],"wp:attachment":[{"href":"https:\/\/burkhard-puetz.de\/index.php?rest_route=%2Fwp%2Fv2%2Fmedia&parent=131"}],"curies":[{"name":"wp","href":"https:\/\/api.w.org\/{rel}","templated":true}]}}