{"id":2133,"date":"2024-08-13T07:11:22","date_gmt":"2024-08-13T07:11:22","guid":{"rendered":"https:\/\/burkhard-puetz.de\/?page_id=2133"},"modified":"2026-04-01T09:21:22","modified_gmt":"2026-04-01T09:21:22","slug":"start","status":"publish","type":"page","link":"https:\/\/burkhard-puetz.de\/","title":{"rendered":"Start"},"content":{"rendered":"\n<figure class=\"wp-block-image size-large\"><img loading=\"lazy\" decoding=\"async\" width=\"1024\" height=\"991\" src=\"https:\/\/burkhard-puetz.de\/wp-content\/uploads\/2024\/07\/Orgel-Heiligkreuz-Gesamtansicht-ohne-Empore-1-1024x991.jpg\" alt=\"\" class=\"wp-image-449\" srcset=\"https:\/\/burkhard-puetz.de\/wp-content\/uploads\/2024\/07\/Orgel-Heiligkreuz-Gesamtansicht-ohne-Empore-1-1024x991.jpg 1024w, https:\/\/burkhard-puetz.de\/wp-content\/uploads\/2024\/07\/Orgel-Heiligkreuz-Gesamtansicht-ohne-Empore-1-300x290.jpg 300w, https:\/\/burkhard-puetz.de\/wp-content\/uploads\/2024\/07\/Orgel-Heiligkreuz-Gesamtansicht-ohne-Empore-1-768x743.jpg 768w, https:\/\/burkhard-puetz.de\/wp-content\/uploads\/2024\/07\/Orgel-Heiligkreuz-Gesamtansicht-ohne-Empore-1-1536x1486.jpg 1536w, https:\/\/burkhard-puetz.de\/wp-content\/uploads\/2024\/07\/Orgel-Heiligkreuz-Gesamtansicht-ohne-Empore-1-2048x1982.jpg 2048w\" sizes=\"auto, (max-width: 1024px) 100vw, 1024px\" \/><\/figure>\n\n\n\n<p class=\"has-text-align-center has-theme-palette-7-background-color has-background\" id=\"block-e1516517-6ca9-4482-b66c-580b6ba307ee\" style=\"font-size:18px\">Herzlich willkommen auf der Website von Burkhard P\u00fctz, Trier.<\/p>\n\n\n\n<p class=\"has-text-align-left\" id=\"block-6907eb8a-7c21-4146-9162-02d8aca02767\">Auf diesen Seiten k\u00f6nnen Sie mehr \u00fcber mich und meine T\u00e4tigkeit als Kirchenmusiker erfahren.<\/p>\n\n\n\n<figure class=\"wp-block-image size-large\"><img loading=\"lazy\" decoding=\"async\" width=\"1024\" height=\"683\" src=\"https:\/\/burkhard-puetz.de\/wp-content\/uploads\/2025\/11\/Messias-20.11.11-Trier-Heiligkreuz-bearb-1024x683.jpg\" alt=\"\" class=\"wp-image-3361\" srcset=\"https:\/\/burkhard-puetz.de\/wp-content\/uploads\/2025\/11\/Messias-20.11.11-Trier-Heiligkreuz-bearb-1024x683.jpg 1024w, https:\/\/burkhard-puetz.de\/wp-content\/uploads\/2025\/11\/Messias-20.11.11-Trier-Heiligkreuz-bearb-300x200.jpg 300w, https:\/\/burkhard-puetz.de\/wp-content\/uploads\/2025\/11\/Messias-20.11.11-Trier-Heiligkreuz-bearb-768x512.jpg 768w, https:\/\/burkhard-puetz.de\/wp-content\/uploads\/2025\/11\/Messias-20.11.11-Trier-Heiligkreuz-bearb-1536x1024.jpg 1536w, https:\/\/burkhard-puetz.de\/wp-content\/uploads\/2025\/11\/Messias-20.11.11-Trier-Heiligkreuz-bearb-2048x1365.jpg 2048w\" sizes=\"auto, (max-width: 1024px) 100vw, 1024px\" \/><\/figure>\n\n\n\n<p class=\"has-text-align-left\" id=\"block-6907eb8a-7c21-4146-9162-02d8aca02767\">Neben einem aktuellen Veranstaltungskalender finden Sie Informationen zu den von mir geleiteten Ch\u00f6ren, sowie den Instrumenten an meiner ehemaligen Kirchenmusikstelle. <br>Dar\u00fcber hinaus stehen H\u00f6rbeispiele von Chor- und Orgelmusik sowie eine umfangreiche Fotosammlung zur Verf\u00fcgung. <br>Ein \u00dcberblick \u00fcber meine kirchenmusikalischen Aktivit\u00e4ten der letzten Jahrzehnte, erg\u00e4nzt durch Rezensionen und thematische Beitr\u00e4ge, rundet das Angebot ab.<\/p>\n\n\n<div class=\"wp-block-image\">\n<figure class=\"aligncenter is-resized\"><img loading=\"lazy\" decoding=\"async\" width=\"842\" height=\"1024\" src=\"https:\/\/burkhard-puetz.de\/wp-content\/uploads\/2024\/08\/image.jpeg\" alt=\"Dieses Bild hat ein leeres Alt-Attribut. Der Dateiname ist Dekanatskantor-Burkhard-Puetz-Web-842x1024.jpg\" class=\"wp-image-2137\" style=\"width:333px\" srcset=\"https:\/\/burkhard-puetz.de\/wp-content\/uploads\/2024\/08\/image.jpeg 842w, https:\/\/burkhard-puetz.de\/wp-content\/uploads\/2024\/08\/image-247x300.jpeg 247w, https:\/\/burkhard-puetz.de\/wp-content\/uploads\/2024\/08\/image-768x934.jpeg 768w\" sizes=\"auto, (max-width: 842px) 100vw, 842px\" \/><\/figure>\n<\/div>\n\n\n<div class=\"wp-block-buttons is-content-justification-center is-layout-flex wp-container-core-buttons-is-layout-16018d1d wp-block-buttons-is-layout-flex\">\n<div class=\"wp-block-button\"><a class=\"wp-block-button__link wp-element-button\" href=\"https:\/\/burkhard-puetz.de\/?page_id=1775\" style=\"border-radius:6px\" target=\"_blank\" rel=\"noreferrer noopener\">Kontakt<\/a><\/div>\n<\/div>\n\n\n\n<figure class=\"wp-block-gallery has-nested-images columns-default is-cropped wp-block-gallery-2 is-layout-flex wp-block-gallery-is-layout-flex\">\n<figure class=\"wp-block-image size-large\"><img loading=\"lazy\" decoding=\"async\" width=\"1024\" height=\"683\" data-id=\"2054\" src=\"https:\/\/burkhard-puetz.de\/wp-content\/uploads\/2024\/07\/lake-constance-4824934_1920-1024x683.jpg\" alt=\"\" class=\"wp-image-2054\" srcset=\"https:\/\/burkhard-puetz.de\/wp-content\/uploads\/2024\/07\/lake-constance-4824934_1920-1024x683.jpg 1024w, https:\/\/burkhard-puetz.de\/wp-content\/uploads\/2024\/07\/lake-constance-4824934_1920-300x200.jpg 300w, https:\/\/burkhard-puetz.de\/wp-content\/uploads\/2024\/07\/lake-constance-4824934_1920-768x512.jpg 768w, https:\/\/burkhard-puetz.de\/wp-content\/uploads\/2024\/07\/lake-constance-4824934_1920-1536x1024.jpg 1536w, https:\/\/burkhard-puetz.de\/wp-content\/uploads\/2024\/07\/lake-constance-4824934_1920.jpg 1920w\" sizes=\"auto, (max-width: 1024px) 100vw, 1024px\" \/><\/figure>\n\n\n\n<figure class=\"wp-block-image size-large is-style-default\"><img loading=\"lazy\" decoding=\"async\" width=\"1024\" height=\"682\" data-id=\"2053\" src=\"https:\/\/burkhard-puetz.de\/wp-content\/uploads\/2024\/07\/lake-constance-3603394_1920-1024x682.jpg\" alt=\"\" class=\"wp-image-2053\" srcset=\"https:\/\/burkhard-puetz.de\/wp-content\/uploads\/2024\/07\/lake-constance-3603394_1920-1024x682.jpg 1024w, https:\/\/burkhard-puetz.de\/wp-content\/uploads\/2024\/07\/lake-constance-3603394_1920-300x200.jpg 300w, https:\/\/burkhard-puetz.de\/wp-content\/uploads\/2024\/07\/lake-constance-3603394_1920-768x511.jpg 768w, https:\/\/burkhard-puetz.de\/wp-content\/uploads\/2024\/07\/lake-constance-3603394_1920-1536x1022.jpg 1536w, https:\/\/burkhard-puetz.de\/wp-content\/uploads\/2024\/07\/lake-constance-3603394_1920.jpg 1920w\" sizes=\"auto, (max-width: 1024px) 100vw, 1024px\" \/><\/figure>\n<\/figure>\n\n\n\n<div class=\"wp-block-buttons is-content-justification-right is-layout-flex wp-container-core-buttons-is-layout-765c4724 wp-block-buttons-is-layout-flex\">\n<div class=\"wp-block-button\"><a class=\"wp-block-button__link wp-element-button\" href=\"https:\/\/burkhard-puetz.de?post_type=tribe_events\" style=\"border-radius:6px\">Loslegen!<\/a><\/div>\n<\/div>\n","protected":false},"excerpt":{"rendered":"<p>Herzlich willkommen auf der Website von Burkhard P\u00fctz, Trier. Auf diesen Seiten k\u00f6nnen Sie mehr \u00fcber mich und meine T\u00e4tigkeit als Kirchenmusiker erfahren. Neben einem aktuellen Veranstaltungskalender finden Sie Informationen&#8230;<\/p>\n","protected":false},"author":1,"featured_media":0,"parent":0,"menu_order":0,"comment_status":"open","ping_status":"closed","template":"","meta":{"_kadence_starter_templates_imported_post":false,"_kad_post_transparent":"","_kad_post_title":"","_kad_post_layout":"narrow","_kad_post_sidebar_id":"","_kad_post_content_style":"","_kad_post_vertical_padding":"","_kad_post_feature":"","_kad_post_feature_position":"","_kad_post_header":false,"_kad_post_footer":false,"_kad_post_classname":"","footnotes":""},"class_list":["post-2133","page","type-page","status-publish","hentry"],"_links":{"self":[{"href":"https:\/\/burkhard-puetz.de\/index.php?rest_route=\/wp\/v2\/pages\/2133","targetHints":{"allow":["GET"]}}],"collection":[{"href":"https:\/\/burkhard-puetz.de\/index.php?rest_route=\/wp\/v2\/pages"}],"about":[{"href":"https:\/\/burkhard-puetz.de\/index.php?rest_route=\/wp\/v2\/types\/page"}],"author":[{"embeddable":true,"href":"https:\/\/burkhard-puetz.de\/index.php?rest_route=\/wp\/v2\/users\/1"}],"replies":[{"embeddable":true,"href":"https:\/\/burkhard-puetz.de\/index.php?rest_route=%2Fwp%2Fv2%2Fcomments&post=2133"}],"version-history":[{"count":23,"href":"https:\/\/burkhard-puetz.de\/index.php?rest_route=\/wp\/v2\/pages\/2133\/revisions"}],"predecessor-version":[{"id":3485,"href":"https:\/\/burkhard-puetz.de\/index.php?rest_route=\/wp\/v2\/pages\/2133\/revisions\/3485"}],"wp:attachment":[{"href":"https:\/\/burkhard-puetz.de\/index.php?rest_route=%2Fwp%2Fv2%2Fmedia&parent=2133"}],"curies":[{"name":"wp","href":"https:\/\/api.w.org\/{rel}","templated":true}]}}